{"id":1353,"date":"2021-02-18T12:17:17","date_gmt":"2021-02-18T11:17:17","guid":{"rendered":"http:\/\/atlantique-repart.fr\/?page_id=1353"},"modified":"2021-03-02T08:14:24","modified_gmt":"2021-03-02T07:14:24","slug":"home","status":"publish","type":"page","link":"https:\/\/atlantique-repart.fr\/","title":{"rendered":"Home"},"content":{"rendered":"<p>[vc_row full_width=&#8221;stretch_row_content_no_spaces&#8221; css=&#8221;.vc_custom_1445941555299{margin-bottom: 0px !important;}&#8221;][vc_column offset=&#8221;vc_hidden-xs&#8221;][rev_slider_vc alias=&#8221;slider-2&#8243;][\/vc_column][\/vc_row][vc_row full_width=&#8221;stretch_row&#8221; el_class=&#8221;base_bg_color no_overflow_hidden&#8221; css=&#8221;.vc_custom_1448432556856{margin-bottom: 80px !important;}&#8221;][vc_column][vc_separator color=&#8221;white&#8221; style=&#8221;shadow&#8221;][\/vc_column][\/vc_row][vc_row full_height=&#8221;yes&#8221; css=&#8221;.vc_custom_1614618156554{margin-bottom: 60px !important;background-image: url(https:\/\/atlantique-repart.fr\/wp-content\/uploads\/2021\/03\/FINALmobileSD.mp4?id=1611) !important;background-position: center !important;background-repeat: no-repeat !important;background-size: cover !important;}&#8221; el_class=&#8221;vc_hidden-lg vc_hidden-md vc_hidden-sm&#8221;][vc_column offset=&#8221;vc_hidden-lg vc_hidden-md vc_hidden-sm&#8221; css=&#8221;.vc_custom_1449213666600{padding-top: 40px !important;padding-bottom: 40px !important;}&#8221;][vc_custom_heading source=&#8221;post_title&#8221; font_container=&#8221;tag:h1|text_align:left|color:%23ffffff&#8221; use_theme_fonts=&#8221;yes&#8221; el_class=&#8221;white_stripe&#8221;][vc_column_text]<span style=\"color: #ffffff; font-size: 16px; line-height: 28px;\">Atlantique R\u00e9partition, grossiste r\u00e9partiteur pharmaceutique, vous propose une alternative \u00e0 l&#8217;offre grossiste traditionnelle.<\/span>[\/vc_column_text][\/vc_column][\/vc_row][vc_row css=&#8221;.vc_custom_1450264294682{margin-bottom: 80px !important;}&#8221;][vc_column width=&#8221;1\/2&#8243; offset=&#8221;vc_col-lg-6 vc_col-md-6&#8243;][vc_column_text]<\/p>\n<h3>Atlantique R\u00e9partition,<\/h3>\n<p style=\"font-weight: 400;\">votre grossiste r\u00e9partiteur r\u00e9gional ind\u00e9pendant de proximit\u00e9. Un partenaire proche de vous, une \u00e9quipe \u00e0 l\u2019\u00e9coute de vos besoins au quotidien. L&#8217;am\u00e9lioration continue est notre leitmotiv : nous sommes l\u00e0 pour transformer vos probl\u00e8mes en solutions.<\/p>\n<p>[\/vc_column_text][vc_row_inner][vc_column_inner][vc_column_text]<strong>Thomas Fontaine<br \/>\n<\/strong><small>Co-g\u00e9rant &amp; Pharmacien Responsable<\/small>[\/vc_column_text][\/vc_column_inner][\/vc_row_inner][\/vc_column][vc_column width=&#8221;1\/2&#8243;][vc_video link=&#8221;https:\/\/www.youtube.com\/watch?v=XfJfmd6xnno&#8221; align=&#8221;center&#8221;][\/vc_column][\/vc_row][vc_row][vc_column][vc_separator color=&#8221;white&#8221; border_width=&#8221;2&#8243; css=&#8221;.vc_custom_1614323537621{margin-top: 50px !important;margin-bottom: 50px !important;}&#8221;][\/vc_column][\/vc_row][vc_row][vc_column width=&#8221;1\/2&#8243;][vc_tta_accordion shape=&#8221;square&#8221; color=&#8221;theme_style&#8221; c_icon=&#8221;chevron&#8221; active_section=&#8221;1&#8243;][vc_tta_section title=&#8221;APPROVISIONNEMENT&#8221; tab_id=&#8221;1609156394414-6a30a5ff-b719&#8243;][vc_column_text]<\/p>\n<p class=\"p1\">Toutes nos commandes sont pass\u00e9es chaque jour aupr\u00e8s des 120 plus gros laboratoires. Nous les ciblons en fonction de vos besoins parce que vous \u00eates le coeur de nos priorit\u00e9s.<\/p>\n<p>[\/vc_column_text][\/vc_tta_section][vc_tta_section title=&#8221;GESTION DES STOCKS&#8221; tab_id=&#8221;1609156394446-0279c8cb-db83&#8243;][vc_column_text]<\/p>\n<p class=\"p1\">Le niveau des stocks est mis \u00e0 jour et tri\u00e9 quotidiennement. Les colonnes et les rang\u00e9es permettent de rep\u00e9rer chacune des cases de rangement et de toutes les num\u00e9roter. Nous apportons le plus grand soin \u00e0 la gestion de nos stocks, car ils sont votre chiffres d\u2019affaire de demain.<\/p>\n<p>[\/vc_column_text][\/vc_tta_section][vc_tta_section title=&#8221;PR\u00c9PARATION DES COMMANDES&#8221; tab_id=&#8221;1609157402612-e6df81ee-535a&#8221;][vc_column_text]<\/p>\n<p class=\"p1\">Toutes les commandes sont pr\u00e9par\u00e9es manuellement. Les produits sont rang\u00e9s soigneusement dans les caisses pour votre confort. Thomas, le pharmacien responsable les contr\u00f4le personnellement une \u00e0 une.<\/p>\n<p>[\/vc_column_text][\/vc_tta_section][vc_tta_section title=&#8221;DISTRIBUTION&#8221; tab_id=&#8221;1609157618862-d6efdd83-56a1&#8243;][vc_column_text]<\/p>\n<p class=\"p1\">Nos livraisons sont r\u00e9alis\u00e9es une \u00e0 deux fois par jour, par Morgane ou Ludivine. M\u00eame sous leur masque vous verrez leur sourire.<\/p>\n<p>[\/vc_column_text][\/vc_tta_section][vc_tta_section title=&#8221;SAV&#8221; tab_id=&#8221;1609157949625-aa9d9108-d70a&#8221;][vc_column_text]<\/p>\n<p class=\"p1\">Parce que vous n&#8217;\u00eates pas de simples &#8220;clients&#8221;, mais des &#8220;partenaires&#8221; avec qui nous faisons, ensemble, grandir l\u2019entreprise, le service apr\u00e8s-vente est la pierre angulaire de notre philosophie. Vos retours sont la source de notre am\u00e9lioration et votre satisfaction notre plus belle r\u00e9compense.<\/p>\n<p>[\/vc_column_text][\/vc_tta_section][\/vc_tta_accordion][\/vc_column][vc_column width=&#8221;1\/2&#8243;][vc_single_image image=&#8221;1595&#8243; img_size=&#8221;large&#8221;][\/vc_column][\/vc_row][vc_row][vc_column][vc_separator color=&#8221;white&#8221; border_width=&#8221;2&#8243; css=&#8221;.vc_custom_1614323537621{margin-top: 50px !important;margin-bottom: 50px !important;}&#8221;][vc_separator color=&#8221;white&#8221; style=&#8221;shadow&#8221;][\/vc_column][\/vc_row][vc_row][vc_column][vc_cta h2=&#8221;De nombreux pharmaciens nous font confiance. Et vous ?&#8221; shape=&#8221;square&#8221; add_button=&#8221;right&#8221; btn_title=&#8221;Contactez-nous&#8221; btn_style=&#8221;outline&#8221; btn_shape=&#8221;round&#8221; btn_color=&#8221;white&#8221; css_animation=&#8221;fadeIn&#8221; btn_link=&#8221;url:https%3A%2F%2Fatlantique-repart.fr%2Findex.php%2Fcontact%2F|title:CONTACT||&#8221; el_class=&#8221;secondary_bg_color&#8221; css=&#8221;.vc_custom_1614323701130{padding-right: 30px !important;padding-left: 30px !important;}&#8221;][\/vc_cta][\/vc_column][\/vc_row][vc_row css=&#8221;.vc_custom_1610105524794{margin-top: 25px !important;}&#8221;][vc_column][stm_testimonials posts_per_page=&#8221;2&#8243; css=&#8221;.vc_custom_1610105955485{margin-top: 30px !important;margin-right: 20px !important;}&#8221;][\/vc_column][\/vc_row]<\/p>\n","protected":false},"excerpt":{"rendered":"<p>[vc_row full_width=&#8221;stretch_row_content_no_spaces&#8221; css=&#8221;.vc_custom_1445941555299{margin-bottom: 0px !important;}&#8221;][vc_column offset=&#8221;vc_hidden-xs&#8221;][rev_slider_vc alias=&#8221;slider-2&#8243;][\/vc_column][\/vc_row][vc_row full_width=&#8221;stretch_row&#8221; el_class=&#8221;base_bg_color no_overflow_hidden&#8221; css=&#8221;.vc_custom_1448432556856{margin-bottom: 80px !important;}&#8221;][vc_column][vc_separator color=&#8221;white&#8221; style=&#8221;shadow&#8221;][\/vc_column][\/vc_row][vc_row full_height=&#8221;yes&#8221; css=&#8221;.vc_custom_1614618156554{margin-bottom: 60px !important;background-image: url(https:\/\/atlantique-repart.fr\/wp-content\/uploads\/2021\/03\/FINALmobileSD.mp4?id=1611) !important;background-position: center !important;background-repeat: no-repeat !important;background-size: cover !important;}&#8221; el_class=&#8221;vc_hidden-lg vc_hidden-md vc_hidden-sm&#8221;][vc_column offset=&#8221;vc_hidden-lg vc_hidden-md vc_hidden-sm&#8221;&#8230;<\/p>\n","protected":false},"author":1,"featured_media":0,"parent":0,"menu_order":0,"comment_status":"closed","ping_status":"closed","template":"","meta":[],"_links":{"self":[{"href":"https:\/\/atlantique-repart.fr\/index.php\/wp-json\/wp\/v2\/pages\/1353"}],"collection":[{"href":"https:\/\/atlantique-repart.fr\/index.php\/wp-json\/wp\/v2\/pages"}],"about":[{"href":"https:\/\/atlantique-repart.fr\/index.php\/wp-json\/wp\/v2\/types\/page"}],"author":[{"embeddable":true,"href":"https:\/\/atlantique-repart.fr\/index.php\/wp-json\/wp\/v2\/users\/1"}],"replies":[{"embeddable":true,"href":"https:\/\/atlantique-repart.fr\/index.php\/wp-json\/wp\/v2\/comments?post=1353"}],"version-history":[{"count":78,"href":"https:\/\/atlantique-repart.fr\/index.php\/wp-json\/wp\/v2\/pages\/1353\/revisions"}],"predecessor-version":[{"id":1617,"href":"https:\/\/atlantique-repart.fr\/index.php\/wp-json\/wp\/v2\/pages\/1353\/revisions\/1617"}],"wp:attachment":[{"href":"https:\/\/atlantique-repart.fr\/index.php\/wp-json\/wp\/v2\/media?parent=1353"}],"curies":[{"name":"wp","href":"https:\/\/api.w.org\/{rel}","templated":true}]}}